{"id":327,"date":"2023-07-31T07:44:00","date_gmt":"2023-07-31T07:44:00","guid":{"rendered":"https:\/\/export.mercurytheme.com\/001\/?page_id=2"},"modified":"2025-05-21T08:57:29","modified_gmt":"2025-05-21T08:57:29","slug":"home","status":"publish","type":"page","link":"https:\/\/gaypage.cam\/pl\/","title":{"rendered":"Strona g\u0142\u00f3wna"},"content":{"rendered":"<div class=\"wp-block-cover alignfull is-light wp-duotone-blue-red\" style=\"margin-top:0;padding-top:48px;padding-right:48px;padding-bottom:48px;padding-left:48px;min-height:66vh;aspect-ratio:unset;\"><img loading=\"lazy\" decoding=\"async\" width=\"1254\" height=\"836\" class=\"wp-block-cover__image-background wp-image-517\" alt=\"\" src=\"https:\/\/gaypage.cam\/wp-content\/uploads\/2025\/03\/gay-love.jpg\" data-object-fit=\"cover\" srcset=\"https:\/\/gaypage.cam\/wp-content\/uploads\/2025\/03\/gay-love.jpg 1254w, https:\/\/gaypage.cam\/wp-content\/uploads\/2025\/03\/gay-love-300x200.jpg 300w, https:\/\/gaypage.cam\/wp-content\/uploads\/2025\/03\/gay-love-1024x683.jpg 1024w, https:\/\/gaypage.cam\/wp-content\/uploads\/2025\/03\/gay-love-768x512.jpg 768w, https:\/\/gaypage.cam\/wp-content\/uploads\/2025\/03\/gay-love-18x12.jpg 18w, https:\/\/gaypage.cam\/wp-content\/uploads\/2025\/03\/gay-love-60x40.jpg 60w, https:\/\/gaypage.cam\/wp-content\/uploads\/2025\/03\/gay-love-48x32.jpg 48w, https:\/\/gaypage.cam\/wp-content\/uploads\/2025\/03\/gay-love-120x80.jpg 120w, https:\/\/gaypage.cam\/wp-content\/uploads\/2025\/03\/gay-love-203x135.jpg 203w\" sizes=\"auto, (max-width: 1254px) 100vw, 1254px\" \/><span aria-hidden=\"true\" class=\"wp-block-cover__background has-background-dim-30 has-background-dim\" style=\"background-color:#b89c7d\"><\/span><div class=\"wp-block-cover__inner-container is-layout-flow wp-block-cover-is-layout-flow\">\n<div class=\"wp-block-group\"><div class=\"wp-block-group__inner-container is-layout-constrained wp-container-core-group-is-layout-481a76f5 wp-block-group-is-layout-constrained\">\n<h2 class=\"wp-block-heading has-text-align-center has-white-color has-text-color\" style=\"font-size:100px;font-style:normal;font-weight:700;letter-spacing:0px;line-height:1;text-transform:uppercase\">Znajd\u017a swojego m\u0119\u017cczyzn\u0119<\/h2>\n<\/div><\/div>\n\n\n\n<div style=\"height:72px\" aria-hidden=\"true\" class=\"wp-block-spacer\"><\/div>\n\n\n\n<div class=\"wp-block-buttons is-content-justification-center is-nowrap is-layout-flex wp-container-core-buttons-is-layout-1fb9aab6 wp-block-buttons-is-layout-flex\">\n<div class=\"wp-block-button is-style-outline is-style-outline--1\"><a class=\"wp-block-button__link has-white-color has-text-color has-custom-font-size wp-element-button\" href=\"https:\/\/gaypage.cam\/pl\/start-a-chat\/\" style=\"padding-top:24px;padding-right:48px;padding-bottom:24px;padding-left:48px;font-size:16px;font-style:normal;font-weight:600;letter-spacing:0px;text-transform:uppercase\">Zacznij tutaj<\/a><\/div>\n<\/div>\n<\/div><\/div>\n\n\n        <div id=\"anoncam-container\">\n            <div class=\"control-container\">\n                <button id=\"startChatBtn\">Rozpocznij czat<\/button>\n                <button id=\"nextChatBtn\" disabled>Nast\u0119pny<\/button>\n                <button id=\"stopChatBtn\" disabled>Stop<\/button>\n                <button id=\"muteBtn\"><\/button>\n                <button id=\"switchCameraBtn\"><\/button>\n            <\/div>\n            <p id=\"statusOutput\"><\/p>\n            <div class=\"video-container\">\n                <div class=\"video-wrapper\">\n                    <video id=\"localVideo\" autoplay playsinline muted><\/video>\n                <\/div>\n                <div class=\"video-wrapper\">\n                    <video id=\"remoteVideo\" autoplay playsinline><\/video>\n                <\/div>\n            <\/div>\n        <\/div>\n        \n\n\n\n<div style=\"height:15px\" aria-hidden=\"true\" class=\"wp-block-spacer\"><\/div>\n\n\n\n<h1 class=\"wp-block-heading\">Rozpocznij czat przed kamer\u0105 z nieznajomymi na Gaypage<\/h1>\n\n\n\n<div style=\"height:15px\" aria-hidden=\"true\" class=\"wp-block-spacer\"><\/div>\n\n\n\n<p>Gaypage ma jedne z najlepszych funkcji, je\u015bli chodzi o strony typu cam to cam. Zapewnia najlepsze funkcje dla os\u00f3b o wszystkich preferencjach p\u0142ciowych. Funkcje te obejmuj\u0105:<\/p>\n\n\n\n<ol class=\"wp-block-list\">\n<li><strong>Anonimowy czat<\/strong>. U\u017cytkownicy mog\u0105 rozmawia\u0107 ze sob\u0105 bez ujawniania swojej to\u017csamo\u015bci. Funkcja ta promuje poziom anonimowo\u015bci i prywatno\u015bci podczas interakcji.<\/li>\n\n\n\n<li><strong>Losowe dopasowanie<\/strong>. Platforma losowo dopasowuje u\u017cytkownik\u00f3w, umo\u017cliwiaj\u0105c im \u0142\u0105czenie si\u0119 z nieznajomymi z r\u00f3\u017cnych cz\u0119\u015bci \u015bwiata.<\/li>\n\n\n\n<li><strong>Filtry p\u0142ci i lokalizacji<\/strong>. U\u017cytkownicy mog\u0105 stosowa\u0107 filtry p\u0142ci i lokalizacji, aby znale\u017a\u0107 partner\u00f3w czatu, kt\u00f3rzy pasuj\u0105 do ich preferencji.<\/li>\n<\/ol>\n\n\n\n<p>Mo\u017cesz zacz\u0105\u0107 bez rejestracji, wi\u0119c zacznij czatowa\u0107 z nieznajomymi ju\u017c teraz.<\/p>\n\n\n\n<div class=\"wp-block-cover alignfull is-light\" style=\"margin-top:0;padding-top:6vw;padding-right:6vw;padding-bottom:6vw;padding-left:6vw\"><span aria-hidden=\"true\" class=\"wp-block-cover__background has-background-dim-100 has-background-dim\" style=\"background-color:#eb4c77\"><\/span><div class=\"wp-block-cover__inner-container is-layout-flow wp-block-cover-is-layout-flow\">\n<div class=\"wp-block-group is-content-justification-center is-layout-flex wp-container-core-group-is-layout-6546ee5a wp-block-group-is-layout-flex\">\n<div class=\"wp-block-group alignwide wp-container-content-ceb7f5b3 is-content-justification-left\"><div class=\"wp-block-group__inner-container is-layout-constrained wp-container-core-group-is-layout-9aeb1ad9 wp-block-group-is-layout-constrained\">\n<h2 class=\"wp-block-heading alignwide has-text-align-left has-contrast-color has-text-color\" style=\"font-size:100px;font-style:normal;font-weight:500;line-height:0.9;text-transform:none\">Czas na przygod\u0119<\/h2>\n\n\n\n<div style=\"height:24px\" aria-hidden=\"true\" class=\"wp-block-spacer\"><\/div>\n\n\n\n<p class=\"has-text-align-left has-contrast-color has-text-color\">Zacznij czatowa\u0107 z przypadkowymi gejami z ca\u0142ego \u015bwiata.<\/p>\n\n\n\n<div style=\"height:60px\" aria-hidden=\"true\" class=\"wp-block-spacer\"><\/div>\n\n\n\n<div class=\"wp-block-buttons is-content-justification-left is-nowrap is-layout-flex wp-container-core-buttons-is-layout-6447b855 wp-block-buttons-is-layout-flex\">\n<div class=\"wp-block-button is-style-fill\"><a class=\"wp-block-button__link has-base-color has-contrast-background-color has-text-color has-background has-custom-font-size wp-element-button\" href=\"#\" style=\"border-radius:0px;padding-top:24px;padding-right:48px;padding-bottom:24px;padding-left:48px;font-size:16px;font-style:normal;font-weight:500;letter-spacing:0px;text-transform:uppercase\">Rozpocznij czat<\/a><\/div>\n<\/div>\n<\/div><\/div>\n\n\n\n<div class=\"wp-block-group is-content-justification-right is-nowrap is-layout-flex wp-container-core-group-is-layout-ba11ac9d wp-block-group-is-layout-flex\">\n<div class=\"wp-block-group wp-container-content-0733e5d0\"><div class=\"wp-block-group__inner-container is-layout-flow wp-block-group-is-layout-flow\">\n<div style=\"height:8vw\" aria-hidden=\"true\" class=\"wp-block-spacer\"><\/div>\n<\/div><\/div>\n<\/div>\n<\/div>\n<\/div><\/div>\n\n\n\n<div style=\"height:0px\" aria-hidden=\"true\" class=\"wp-block-spacer\"><\/div>\n\n\n\n<p>Dodatkowe funkcje, kt\u00f3re sprawiaj\u0105, \u017ce jest to \u015bwietna strona z kamerkami dla wszystkich p\u0142ci:<\/p>\n\n\n\n<ul class=\"wp-block-list space-mark\">\n<li><strong>Maski i filtry twarzy<\/strong>: Korzystanie z masek na twarz, filtr\u00f3w lub wirtualnego t\u0142a, aby doda\u0107 troch\u0119 zabawy i kreatywno\u015bci do czat\u00f3w wideo.<\/li>\n\n\n\n<li><strong>Tryb bezpieczny dla pracy (SFW)<\/strong>. Opcja dla u\u017cytkownik\u00f3w, kt\u00f3rzy wol\u0105, aby ich rozmowy i interakcje by\u0142y bezpieczne dla pracy i nie anga\u017cowa\u0142y si\u0119 w tre\u015bci dla doros\u0142ych.<\/li>\n\n\n\n<li><strong>Zg\u0142aszanie i blokowanie u\u017cytkownik\u00f3w<\/strong>. U\u017cytkownicy zazwyczaj maj\u0105 mo\u017cliwo\u015b\u0107 zg\u0142aszania lub blokowania innych u\u017cytkownik\u00f3w w przypadku niew\u0142a\u015bciwego zachowania.<\/li>\n<\/ul>\n\n\n\n<p>Wa\u017cne jest, aby pami\u0119ta\u0107, \u017ce anga\u017cowanie si\u0119 w anonimowe czaty wideo z nieznajomymi mo\u017ce wi\u0105za\u0107 si\u0119 z ryzykiem, wi\u0119c zachowaj ostro\u017cno\u015b\u0107, pami\u0119taj o swoich danych osobowych i post\u0119puj zgodnie z wytycznymi platformy, aby zapewni\u0107 bezpieczne i przyjemne wra\u017cenia. Zawsze zg\u0142aszaj administratorom platformy wszelkie podejrzane lub nieodpowiednie zachowania.<\/p>\n\n\n\n<h2 class=\"wp-block-heading\">Wskaz\u00f3wki, jak najlepiej wykorzysta\u0107 Gaypage i inne strony z kamerkami<\/h2>\n\n\n\n<p>Korzystanie z witryn z kamerkami mo\u017ce by\u0107 zabawnym i ekscytuj\u0105cym sposobem na poznanie nowych ludzi z ca\u0142ego \u015bwiata. Jednak wa\u017cne jest, aby pami\u0119ta\u0107 o swoim bezpiecze\u0144stwie i prywatno\u015bci, jednocze\u015bnie jak najlepiej wykorzystuj\u0105c swoje do\u015bwiadczenie. Oto kilka wskaz\u00f3wek, kt\u00f3re pomog\u0105 ci sp\u0119dzi\u0107 pozytywny i przyjemny czas na stronach z kamerkami:<\/p>\n\n\n\n<ol class=\"wp-block-list\">\n<li><strong>Chro\u0144 swoj\u0105 to\u017csamo\u015b\u0107<\/strong>: Unikaj udost\u0119pniania danych osobowych, takich jak imi\u0119 i nazwisko, adres, numer telefonu lub dane finansowe, nieznajomym na stronie z kamerkami. Zachowaj anonimowo\u015b\u0107, aby chroni\u0107 swoj\u0105 prywatno\u015b\u0107 i bezpiecze\u0144stwo.<\/li>\n\n\n\n<li><strong>Wyznacz granice<\/strong>: Jasno okre\u015bl swoje granice i to, co mo\u017cesz pokaza\u0107 lub om\u00f3wi\u0107 przed kamer\u0105. Pami\u0119taj, \u017ce masz prawo zako\u0144czy\u0107 ka\u017cd\u0105 rozmow\u0119, kt\u00f3ra sprawia, \u017ce czujesz si\u0119 niekomfortowo.<\/li>\n\n\n\n<li><strong>Szacunek<\/strong>: Traktuj innych z szacunkiem i \u017cyczliwo\u015bci\u0105. Witryny z kamerami mog\u0105 mie\u0107 r\u00f3\u017cnych u\u017cytkownik\u00f3w z r\u00f3\u017cnych \u015brodowisk i kultur, wi\u0119c zachowaj przyjazne i integracyjne nastawienie.<\/li>\n\n\n\n<li><strong>Unikaj nago\u015bci i tre\u015bci dla doros\u0142ych<\/strong>: Wiele witryn z kamerami ma wytyczne dotycz\u0105ce tre\u015bci erotycznych. Aby unikn\u0105\u0107 jakichkolwiek problem\u00f3w, powstrzymaj si\u0119 od anga\u017cowania si\u0119 lub udost\u0119pniania wyra\u017anych lub nieodpowiednich materia\u0142\u00f3w.<\/li>\n\n\n\n<li><strong>Zg\u0142aszanie niew\u0142a\u015bciwego zachowania<\/strong>: Je\u015bli napotkasz osob\u0119 zachowuj\u0105c\u0105 si\u0119 niew\u0142a\u015bciwie lub naruszaj\u0105c\u0105 zasady witryny, zg\u0142o\u015b j\u0105 administratorom platformy.<\/li>\n\n\n\n<li><strong>Dobre o\u015bwietlenie i d\u017awi\u0119k<\/strong>: Upewnij si\u0119, \u017ce masz odpowiednie o\u015bwietlenie, aby inni mogli Ci\u0119 wyra\u017anie widzie\u0107. Sprawd\u017a tak\u017ce ustawienia mikrofonu i d\u017awi\u0119ku, aby umo\u017cliwi\u0107 p\u0142ynn\u0105 komunikacj\u0119.<\/li>\n\n\n\n<li><strong>Pozytywna interakcja<\/strong>: Anga\u017cuj si\u0119 w znacz\u0105ce i przyjazne rozmowy z innymi. Bycie otwartym i przyst\u0119pnym mo\u017ce prowadzi\u0107 do przyjemniejszych interakcji.<\/li>\n\n\n\n<li><strong>Wypr\u00f3buj r\u00f3\u017cne filtry i funkcje<\/strong>: Wiele stron z kamerkami oferuje zabawne filtry, wirtualne maski lub inne interaktywne funkcje. Eksperymentowanie z nimi mo\u017ce doda\u0107 zabawny element do rozm\u00f3w.<\/li>\n\n\n\n<li><strong>B\u0105d\u017a cierpliwy<\/strong>: Zrozum, \u017ce nie ka\u017cda interakcja b\u0119dzie idealnie dopasowana. Mo\u017ce to zaj\u0105\u0107 kilka pr\u00f3b, aby znale\u017a\u0107 kogo\u015b, z kim mo\u017cna si\u0119 po\u0142\u0105czy\u0107 i przyjemnie porozmawia\u0107.<\/li>\n\n\n\n<li><strong>Sprawd\u017a wytyczne platformy<\/strong>: Zapoznaj si\u0119 z warunkami korzystania z serwisu i wytycznymi dla spo\u0142eczno\u015bci. Pomo\u017ce ci to zrozumie\u0107, co jest dozwolone, a co nie na platformie.<\/li>\n\n\n\n<li><strong>Rozwa\u017c swoje po\u0142\u0105czenie internetowe<\/strong>: Upewnij si\u0119, \u017ce masz stabilne po\u0142\u0105czenie internetowe, aby p\u0142ynniej prowadzi\u0107 rozmowy wideo.<\/li>\n\n\n\n<li><strong>Mi\u0142ej zabawy<\/strong>: Pami\u0119taj, \u017ce strony z kamerkami maj\u0105 by\u0107 zabawnym i rozrywkowym do\u015bwiadczeniem. Ciesz si\u0119 poznawaniem nowych ludzi i odkrywaniem r\u00f3\u017cnych kultur i perspektyw.<\/li>\n<\/ol>\n\n\n\n<p>Zawsze pami\u0119taj, \u017ce interakcje online mog\u0105 wi\u0105za\u0107 si\u0119 z ryzykiem, wi\u0119c kieruj si\u0119 w\u0142asnym os\u0105dem i intuicj\u0105, aby zapewni\u0107 sobie bezpiecze\u0144stwo. Je\u015bli napotkasz podejrzane zachowanie lub poczujesz si\u0119 niekomfortowo podczas czatu, mo\u017cesz zako\u0144czy\u0107 rozmow\u0119 i przej\u015b\u0107 dalej. Post\u0119puj\u0105c zgodnie z tymi wskaz\u00f3wkami, mo\u017cesz jak najlepiej wykorzysta\u0107 sw\u00f3j czas na stronach z kamerkami, takich jak Chatroulette, i mie\u0107 pozytywne i przyjemne do\u015bwiadczenia.<\/p>\n\n\n<div style=\"text-align: center; background-color: #f8f9fa; padding: 20px; border: 1px solid #ddd; border-radius: 8px;\">\n<h2 style=\"color: #333; font-family: Arial, sans-serif;\">Strony z losowymi czatami wideo dla gej\u00f3w<\/h2>\n<p style=\"color: #555; font-family: Arial, sans-serif;\">Dowiedz si\u0119 wi\u0119cej o r\u00f3\u017cnych stronach internetowych, kt\u00f3re umo\u017cliwiaj\u0105 losowe czatowanie z nieznajomymi online:<\/p>\n<div style=\"display: flex; flex-wrap: wrap; justify-content: center; gap: 10px;\"><a style=\"text-decoration: none; padding: 10px 20px; background-color: #007bff; color: #fff; border-radius: 5px; font-family: Arial, sans-serif; font-size: 16px;\" href=\"https:\/\/gaypage.cam\/pl\/jerkay\/\"> Jerkay <\/a> <a style=\"text-decoration: none; padding: 10px 20px; background-color: #28a745; color: #fff; border-radius: 5px; font-family: Arial, sans-serif; font-size: 16px;\" href=\"https:\/\/gaypage.cam\/pl\/gydoo\/\"> Gydoo <\/a> <a style=\"text-decoration: none; padding: 10px 20px; background-color: #17a2b8; color: #fff; border-radius: 5px; font-family: Arial, sans-serif; font-size: 16px;\" href=\"https:\/\/gaypage.cam\/pl\/gay-tube\/\"> GayTube <\/a> <a style=\"text-decoration: none; padding: 10px 20px; background-color: #ffc107; color: #fff; border-radius: 5px; font-family: Arial, sans-serif; font-size: 16px;\" href=\"https:\/\/gaypage.cam\/pl\/gay-connect\/\"> Gayconnect <\/a> <a style=\"text-decoration: none; padding: 10px 20px; background-color: #007bff; color: #fff; border-radius: 5px; font-family: Arial, sans-serif; font-size: 16px;\" href=\"https:\/\/gaypage.cam\/pl\/gay-cam-chat\/\"> Gay Cam Chat <\/a> <a style=\"text-decoration: none; padding: 10px 20px; background-color: #28a745; color: #fff; border-radius: 5px; font-family: Arial, sans-serif; font-size: 16px;\" href=\"https:\/\/gaypage.cam\/pl\/flirt4free\/\"> Flirt4Free <\/a> <a style=\"text-decoration: none; padding: 10px 20px; background-color: #17a2b8; color: #fff; border-radius: 5px; font-family: Arial, sans-serif; font-size: 16px;\" href=\"https:\/\/gaypage.cam\/pl\/flingster\/\"> Flingster <\/a> <a style=\"text-decoration: none; padding: 10px 20px; background-color: #007bff; color: #fff; border-radius: 5px; font-family: Arial, sans-serif; font-size: 16px;\" href=\"https:\/\/gaypage.cam\/pl\/chatrandom\/\"> Chatrandom <\/a> <a style=\"text-decoration: none; padding: 10px 20px; background-color: #28a745; color: #fff; border-radius: 5px; font-family: Arial, sans-serif; font-size: 16px;\" href=\"https:\/\/gaypage.cam\/pl\/one-on-one-cams\/\"> Gejowskie kamerki jeden na jednego <\/a> <a style=\"text-decoration: none; padding: 10px 20px; background-color: #ffc107; color: #fff; border-radius: 5px; font-family: Arial, sans-serif; font-size: 16px;\" href=\"https:\/\/gaypage.cam\/pl\/gay-omegle\/\">Gay Omegle<\/a> <a style=\"text-decoration: none; padding: 10px 20px; background-color: #17a2b8; color: #fff; border-radius: 5px; font-family: Arial, sans-serif; font-size: 16px;\" href=\"https:\/\/gaypage.cam\/pl\/gay-roulette\/\"> Gejowska ruletka <\/a> <a style=\"text-decoration: none; padding: 10px 20px; background-color: #007bff; color: #fff; border-radius: 5px; font-family: Arial, sans-serif; font-size: 16px;\" href=\"https:\/\/gaypage.cam\/pl\/cam-to-cam\/\"> Gay Cam to Cam <\/a> <a style=\"text-decoration: none; padding: 10px 20px; background-color: #28a745; color: #fff; border-radius: 5px; font-family: Arial, sans-serif; font-size: 16px;\" href=\"https:\/\/gaypage.cam\/pl\/live-cams\/\"> Gejowskie kamery na \u017cywo <\/a> <a style=\"text-decoration: none; padding: 10px 20px; background-color: #ffc107; color: #fff; border-radius: 5px; font-family: Arial, sans-serif; font-size: 16px;\" href=\"https:\/\/gaypage.cam\/pl\/b-gay\/\"> B-Gay <\/a> <a style=\"text-decoration: none; padding: 10px 20px; background-color: #007bff; color: #fff; border-radius: 5px; font-family: Arial, sans-serif; font-size: 16px;\" href=\"https:\/\/gaypage.cam\/pl\/bongacams\/\"> Bongacams <\/a> <a style=\"text-decoration: none; padding: 10px 20px; background-color: #28a745; color: #fff; border-radius: 5px; font-family: Arial, sans-serif; font-size: 16px;\" href=\"https:\/\/gaypage.cam\/pl\/boys-chat\/\"> Czat dla ch\u0142opc\u00f3w <\/a> <a style=\"text-decoration: none; padding: 10px 20px; background-color: #ffc107; color: #fff; border-radius: 5px; font-family: Arial, sans-serif; font-size: 16px;\" href=\"https:\/\/gaypage.cam\/pl\/cam4\/\"> Cam4 <\/a> <a style=\"text-decoration: none; padding: 10px 20px; background-color: #007bff; color: #fff; border-radius: 5px; font-family: Arial, sans-serif; font-size: 16px;\" href=\"https:\/\/gaypage.cam\/pl\/camsoda\/\"> Camsoda <\/a> <a style=\"text-decoration: none; padding: 10px 20px; background-color: #28a745; color: #fff; border-radius: 5px; font-family: Arial, sans-serif; font-size: 16px;\" href=\"https:\/\/gaypage.cam\/pl\/charturbate\/\"> Chaturbate <\/a> <a style=\"text-decoration: none; padding: 10px 20px; background-color: #17a2b8; color: #fff; border-radius: 5px; font-family: Arial, sans-serif; font-size: 16px;\" href=\"https:\/\/gaypage.cam\/pl\/chat-avenue\/\"> Chat Avenue <\/a><\/div>\n<\/div>","protected":false},"excerpt":{"rendered":"<p>Start Chatting on Cam with strangers on Gaypage Gaypage has some of the best features when it comes to cam to cam websites. It provides the best features for people with all gender preferences. The features include: You can get started without signing up, so start chatting cam to cam with strangers now. Additional features [&hellip;]<\/p>\n","protected":false},"author":1,"featured_media":0,"parent":0,"menu_order":0,"comment_status":"closed","ping_status":"open","template":"page-without-title.php","meta":{"footnotes":""},"class_list":["post-327","page","type-page","status-publish","hentry"],"yoast_head":"<!-- This site is optimized with the Yoast SEO plugin v27.3 - https:\/\/yoast.com\/product\/yoast-seo-wordpress\/ -->\n<title>Gay Cam Chat | Gay Chatroulette &amp; Omegle Alternative | Gaypage<\/title>\n<meta name=\"description\" content=\"Looking for a gay cam chat site designed specifically for the LGBTQ community. Look no further start chatting with random strangers now.\" \/>\n<meta name=\"robots\" content=\"index, follow, max-snippet:-1, max-image-preview:large, max-video-preview:-1\" \/>\n<link rel=\"canonical\" href=\"https:\/\/gaypage.cam\/pl\/\" \/>\n<meta property=\"og:locale\" content=\"pl_PL\" \/>\n<meta property=\"og:type\" content=\"article\" \/>\n<meta property=\"og:title\" content=\"Gay Cam Chat | Gay Chatroulette &amp; Omegle Alternative | Gaypage\" \/>\n<meta property=\"og:description\" content=\"Looking for a gay cam chat site designed specifically for the LGBTQ community. Look no further start chatting with random strangers now.\" \/>\n<meta property=\"og:url\" content=\"https:\/\/gaypage.cam\/pl\/\" \/>\n<meta property=\"og:site_name\" content=\"Gaypage\" \/>\n<meta property=\"article:modified_time\" content=\"2025-05-21T08:57:29+00:00\" \/>\n<meta property=\"og:image\" content=\"https:\/\/gaypage.cam\/wp-content\/uploads\/2025\/03\/gay-love.jpg\" \/>\n\t<meta property=\"og:image:width\" content=\"1254\" \/>\n\t<meta property=\"og:image:height\" content=\"836\" \/>\n\t<meta property=\"og:image:type\" content=\"image\/jpeg\" \/>\n<meta name=\"twitter:card\" content=\"summary_large_image\" \/>\n<meta name=\"twitter:label1\" content=\"Szacowany czas czytania\" \/>\n\t<meta name=\"twitter:data1\" content=\"4 minuty\" \/>\n<script type=\"application\/ld+json\" class=\"yoast-schema-graph\">{\"@context\":\"https:\\\/\\\/schema.org\",\"@graph\":[{\"@type\":\"WebPage\",\"@id\":\"https:\\\/\\\/gaypage.cam\\\/\",\"url\":\"https:\\\/\\\/gaypage.cam\\\/\",\"name\":\"Gay Cam Chat | Gay Chatroulette & Omegle Alternative | Gaypage\",\"isPartOf\":{\"@id\":\"https:\\\/\\\/gaypage.cam\\\/#website\"},\"primaryImageOfPage\":{\"@id\":\"https:\\\/\\\/gaypage.cam\\\/#primaryimage\"},\"image\":{\"@id\":\"https:\\\/\\\/gaypage.cam\\\/#primaryimage\"},\"thumbnailUrl\":\"https:\\\/\\\/gaypage.cam\\\/wp-content\\\/uploads\\\/2025\\\/03\\\/gay-love.jpg\",\"datePublished\":\"2023-07-31T07:44:00+00:00\",\"dateModified\":\"2025-05-21T08:57:29+00:00\",\"description\":\"Looking for a gay cam chat site designed specifically for the LGBTQ community. Look no further start chatting with random strangers now.\",\"breadcrumb\":{\"@id\":\"https:\\\/\\\/gaypage.cam\\\/#breadcrumb\"},\"inLanguage\":\"pl-PL\",\"potentialAction\":[{\"@type\":\"ReadAction\",\"target\":[\"https:\\\/\\\/gaypage.cam\\\/\"]}]},{\"@type\":\"ImageObject\",\"inLanguage\":\"pl-PL\",\"@id\":\"https:\\\/\\\/gaypage.cam\\\/#primaryimage\",\"url\":\"https:\\\/\\\/gaypage.cam\\\/wp-content\\\/uploads\\\/2025\\\/03\\\/gay-love.jpg\",\"contentUrl\":\"https:\\\/\\\/gaypage.cam\\\/wp-content\\\/uploads\\\/2025\\\/03\\\/gay-love.jpg\"},{\"@type\":\"BreadcrumbList\",\"@id\":\"https:\\\/\\\/gaypage.cam\\\/#breadcrumb\",\"itemListElement\":[{\"@type\":\"ListItem\",\"position\":1,\"name\":\"Home\",\"item\":\"https:\\\/\\\/gaypage.cam\\\/\"},{\"@type\":\"ListItem\",\"position\":2,\"name\":\"Home\"}]},{\"@type\":\"WebSite\",\"@id\":\"https:\\\/\\\/gaypage.cam\\\/#website\",\"url\":\"https:\\\/\\\/gaypage.cam\\\/\",\"name\":\"Gaypage\",\"description\":\"\",\"potentialAction\":[{\"@type\":\"SearchAction\",\"target\":{\"@type\":\"EntryPoint\",\"urlTemplate\":\"https:\\\/\\\/gaypage.cam\\\/?s={search_term_string}\"},\"query-input\":{\"@type\":\"PropertyValueSpecification\",\"valueRequired\":true,\"valueName\":\"search_term_string\"}}],\"inLanguage\":\"pl-PL\"}]}<\/script>\n<!-- \/ Yoast SEO plugin. -->","yoast_head_json":{"title":"Gay Cam Chat | Gay Chatroulette &amp; Omegle Alternative | Gaypage","description":"Szukasz strony z czatami gejowskimi zaprojektowanej specjalnie dla spo\u0142eczno\u015bci LGBTQ. Nie szukaj dalej, zacznij czatowa\u0107 z przypadkowymi nieznajomymi ju\u017c teraz.","robots":{"index":"index","follow":"follow","max-snippet":"max-snippet:-1","max-image-preview":"max-image-preview:large","max-video-preview":"max-video-preview:-1"},"canonical":"https:\/\/gaypage.cam\/pl\/","og_locale":"pl_PL","og_type":"article","og_title":"Gay Cam Chat | Gay Chatroulette & Omegle Alternative | Gaypage","og_description":"Looking for a gay cam chat site designed specifically for the LGBTQ community. Look no further start chatting with random strangers now.","og_url":"https:\/\/gaypage.cam\/pl\/","og_site_name":"Gaypage","article_modified_time":"2025-05-21T08:57:29+00:00","og_image":[{"width":1254,"height":836,"url":"https:\/\/gaypage.cam\/wp-content\/uploads\/2025\/03\/gay-love.jpg","type":"image\/jpeg"}],"twitter_card":"summary_large_image","twitter_misc":{"Szacowany czas czytania":"4 minuty"},"schema":{"@context":"https:\/\/schema.org","@graph":[{"@type":"WebPage","@id":"https:\/\/gaypage.cam\/","url":"https:\/\/gaypage.cam\/","name":"Gay Cam Chat | Gay Chatroulette &amp; Omegle Alternative | Gaypage","isPartOf":{"@id":"https:\/\/gaypage.cam\/#website"},"primaryImageOfPage":{"@id":"https:\/\/gaypage.cam\/#primaryimage"},"image":{"@id":"https:\/\/gaypage.cam\/#primaryimage"},"thumbnailUrl":"https:\/\/gaypage.cam\/wp-content\/uploads\/2025\/03\/gay-love.jpg","datePublished":"2023-07-31T07:44:00+00:00","dateModified":"2025-05-21T08:57:29+00:00","description":"Szukasz strony z czatami gejowskimi zaprojektowanej specjalnie dla spo\u0142eczno\u015bci LGBTQ. Nie szukaj dalej, zacznij czatowa\u0107 z przypadkowymi nieznajomymi ju\u017c teraz.","breadcrumb":{"@id":"https:\/\/gaypage.cam\/#breadcrumb"},"inLanguage":"pl-PL","potentialAction":[{"@type":"ReadAction","target":["https:\/\/gaypage.cam\/"]}]},{"@type":"ImageObject","inLanguage":"pl-PL","@id":"https:\/\/gaypage.cam\/#primaryimage","url":"https:\/\/gaypage.cam\/wp-content\/uploads\/2025\/03\/gay-love.jpg","contentUrl":"https:\/\/gaypage.cam\/wp-content\/uploads\/2025\/03\/gay-love.jpg"},{"@type":"BreadcrumbList","@id":"https:\/\/gaypage.cam\/#breadcrumb","itemListElement":[{"@type":"ListItem","position":1,"name":"Home","item":"https:\/\/gaypage.cam\/"},{"@type":"ListItem","position":2,"name":"Home"}]},{"@type":"WebSite","@id":"https:\/\/gaypage.cam\/#website","url":"https:\/\/gaypage.cam\/","name":"Gaypage","description":"","potentialAction":[{"@type":"SearchAction","target":{"@type":"EntryPoint","urlTemplate":"https:\/\/gaypage.cam\/?s={search_term_string}"},"query-input":{"@type":"PropertyValueSpecification","valueRequired":true,"valueName":"search_term_string"}}],"inLanguage":"pl-PL"}]}},"_links":{"self":[{"href":"https:\/\/gaypage.cam\/pl\/wp-json\/wp\/v2\/pages\/327","targetHints":{"allow":["GET"]}}],"collection":[{"href":"https:\/\/gaypage.cam\/pl\/wp-json\/wp\/v2\/pages"}],"about":[{"href":"https:\/\/gaypage.cam\/pl\/wp-json\/wp\/v2\/types\/page"}],"author":[{"embeddable":true,"href":"https:\/\/gaypage.cam\/pl\/wp-json\/wp\/v2\/users\/1"}],"replies":[{"embeddable":true,"href":"https:\/\/gaypage.cam\/pl\/wp-json\/wp\/v2\/comments?post=327"}],"version-history":[{"count":5,"href":"https:\/\/gaypage.cam\/pl\/wp-json\/wp\/v2\/pages\/327\/revisions"}],"predecessor-version":[{"id":525,"href":"https:\/\/gaypage.cam\/pl\/wp-json\/wp\/v2\/pages\/327\/revisions\/525"}],"wp:attachment":[{"href":"https:\/\/gaypage.cam\/pl\/wp-json\/wp\/v2\/media?parent=327"}],"curies":[{"name":"wp","href":"https:\/\/api.w.org\/{rel}","templated":true}]}}